{"id":4017,"date":"2023-03-09T23:41:28","date_gmt":"2023-03-10T04:41:28","guid":{"rendered":"https:\/\/diosanut.com\/?post_type=product&#038;p=4017"},"modified":"2023-11-08T19:17:22","modified_gmt":"2023-11-09T00:17:22","slug":"anticelulitico-y-piernas-cansadas-y-fatiga-muscular","status":"publish","type":"product","link":"https:\/\/diosanut.com\/?product=anticelulitico-y-piernas-cansadas-y-fatiga-muscular","title":{"rendered":"ANTICELUL\u00cdTICO Y PIERNAS CANSADAS Y FATIGA MUSCULAR"},"content":{"rendered":"<p>MEZCLA PERFECTA NUEVA F\u00d3RMULA 120 ml<br \/>\nNuestra nueva f\u00f3rmula combina los mejores aceites de origen vegetal para darte los mejores beneficios.<br \/>\nSALVIA: Reduce la inflamaci\u00f3n<br \/>\nPOMELO: Acci\u00f3n<br \/>\nMENTA: Mejora la circulaci\u00f3n, combate los dolores musculares y refresca la piel.<br \/>\nENEBRO: Potente sudor combate de l\u00edquidos.<br \/>\nCITRONELA: Ideal para calmar la inflamaci\u00f3n de la piel debido a la celulitis.<br \/>\nCIPR\u00c9S: Propiedades antis\u00e9pticas, astringentes y diur\u00e9ticas Puede ser de gran ayuda<br \/>\nCLAVO DE OLOR: Mejor el drenaje linf\u00e1tico y favorece el drenaje de los l\u00edquidos retenidos a nivel del tejido conectivo.<br \/>\nALCANFOR: Mejora el malestar.<br \/>\nCANELA: Act\u00faa como depurativo en el cuerpo capaz de facilitar la elecci\u00f3n de todas las sustancias t\u00f3xicas que le hacen da\u00f1o al cuerpo.<br \/>\nLOS NUEVOS EXTRACTOS A\u00d1ADIDOS A LA MEZCLA:Naranja, pimienta negra, eucalipto, semillas de mostaza y aceite de sal rosada; con beneficios acci\u00f3n anticelul\u00edtica, antiinflamatoria y analg\u00e9sica, vigorizantes propiedades bent\u00f3nicas y lip\u00f3licas.<\/p>\n<p>MEZCLA 100% NATURAL Y CERTIFICADA<\/p>\n","protected":false},"excerpt":{"rendered":"<h6>CONTENIDO: 120 ML<\/h6>\n<p>MEZCLA PERFECTA NUEVA F\u00d3RMULA<br \/>\nNuestra nueva f\u00f3rmula combina los mejores aceites de origen vegetal para darte los mejores beneficios.<br \/>\nSALVIA: Reduce la inflamaci\u00f3n<br \/>\nPOMELO: Acci\u00f3n<br \/>\nMENTA: Mejora la circulaci\u00f3n, combate los dolores musculares y refresca la piel.<br \/>\nENEBRO: Potente sudor combate de l\u00edquidos.<br \/>\nCITRONELA: Ideal para calmar la inflamaci\u00f3n de la piel debido a la celulitis.<br \/>\nCIPR\u00c9S: Propiedades antis\u00e9pticas, astringentes y diur\u00e9ticas Puede ser de gran ayuda<br \/>\nCLAVO DE OLOR: Mejor el drenaje linf\u00e1tico y favorece el drenaje de los l\u00edquidos retenidos a nivel del tejido conectivo.<br \/>\nALCANFOR: Mejora el malestar.<br \/>\nCANELA: Act\u00faa como depurativo en el cuerpo capaz de facilitar la elecci\u00f3n de todas las sustancias t\u00f3xicas que le hacen da\u00f1o al cuerpo.<br \/>\nLOS NUEVOS EXTRACTOS A\u00d1ADIDOS A LA MEZCLA:Naranja, pimienta negra, eucalipto, semillas de mostaza y aceite de sal rosada; con beneficios acci\u00f3n anticelul\u00edtica, antiinflamatoria y analg\u00e9sica, vigorizantes propiedades bent\u00f3nicas y lip\u00f3licas.<\/p>\n<p>MEZCLA 100% NATURAL Y CERTIFICADA<\/p>\n","protected":false},"featured_media":4021,"comment_status":"open","ping_status":"closed","template":"","meta":{"_joinchat":[]},"product_cat":[46],"product_tag":[],"class_list":{"0":"post-4017","1":"product","2":"type-product","3":"status-publish","4":"has-post-thumbnail","6":"product_cat-lips","8":"first","9":"instock","10":"virtual","11":"purchasable","12":"product-type-simple"},"_links":{"self":[{"href":"https:\/\/diosanut.com\/index.php?rest_route=\/wp\/v2\/product\/4017","targetHints":{"allow":["GET"]}}],"collection":[{"href":"https:\/\/diosanut.com\/index.php?rest_route=\/wp\/v2\/product"}],"about":[{"href":"https:\/\/diosanut.com\/index.php?rest_route=\/wp\/v2\/types\/product"}],"replies":[{"embeddable":true,"href":"https:\/\/diosanut.com\/index.php?rest_route=%2Fwp%2Fv2%2Fcomments&post=4017"}],"wp:featuredmedia":[{"embeddable":true,"href":"https:\/\/diosanut.com\/index.php?rest_route=\/wp\/v2\/media\/4021"}],"wp:attachment":[{"href":"https:\/\/diosanut.com\/index.php?rest_route=%2Fwp%2Fv2%2Fmedia&parent=4017"}],"wp:term":[{"taxonomy":"product_cat","embeddable":true,"href":"https:\/\/diosanut.com\/index.php?rest_route=%2Fwp%2Fv2%2Fproduct_cat&post=4017"},{"taxonomy":"product_tag","embeddable":true,"href":"https:\/\/diosanut.com\/index.php?rest_route=%2Fwp%2Fv2%2Fproduct_tag&post=4017"}],"curies":[{"name":"wp","href":"https:\/\/api.w.org\/{rel}","templated":true}]}}