{"id":4022,"date":"2023-03-10T13:16:08","date_gmt":"2023-03-10T18:16:08","guid":{"rendered":"https:\/\/diosanut.com\/?post_type=product&#038;p=4022"},"modified":"2024-01-11T13:28:10","modified_gmt":"2024-01-11T18:28:10","slug":"rosa-de-damasco","status":"publish","type":"product","link":"https:\/\/diosanut.com\/?product=rosa-de-damasco","title":{"rendered":"Hidrolato de Rosa de damasco"},"content":{"rendered":"<p>Proporcionar\u00e1n una gran sensaci\u00f3n de limpieza, a su vez, reduce la aparici\u00f3n de arrugas; ya que las c\u00e9lulas est\u00e1n m\u00e1s hidratadas aumentando la oxigenaci\u00f3n, desintoxica y aportan firmeza.<\/p>\n<p>Su alta concentraci\u00f3n en vitamina C, entre otras, y sus propiedades antiinflamatorias, calmantes, regeneradoras y descongestionantes Refresca calma el rostro REDUCE LA INFLAMACI\u00d3N DE LOS P\u00c1RPADOS estimulaci\u00f3n de la producci\u00f3n de col\u00e1geno que mejora la elasticidad y el tono y protege a la piel de la acci\u00f3n de los radicales libres.<\/p>\n","protected":false},"excerpt":{"rendered":"<h6>CONTENIDO: 120 ML<\/h6>\n<p>Proporcionar\u00e1n una gran sensaci\u00f3n de limpieza, a su vez, reduce la aparici\u00f3n de arrugas; ya que las c\u00e9lulas est\u00e1n m\u00e1s hidratadas aumentando la oxigenaci\u00f3n, desintoxica y aportan firmeza.<\/p>\n<p>Su alta concentraci\u00f3n en vitamina C, entre otras, y sus propiedades antiinflamatorias, calmantes, regeneradoras y descongestionantes Refresca calma el rostro REDUCE LA INFLAMACI\u00d3N DE LOS P\u00c1RPADOS estimulaci\u00f3n de la producci\u00f3n de col\u00e1geno que mejora la elasticidad y el tono y protege a la piel de la acci\u00f3n de los radicales libres.<\/p>\n","protected":false},"featured_media":4086,"comment_status":"open","ping_status":"closed","template":"","meta":{"_joinchat":[]},"product_cat":[80],"product_tag":[],"class_list":{"0":"post-4022","1":"product","2":"type-product","3":"status-publish","4":"has-post-thumbnail","6":"product_cat-hidrolatos","8":"first","9":"instock","10":"virtual","11":"purchasable","12":"product-type-simple"},"_links":{"self":[{"href":"https:\/\/diosanut.com\/index.php?rest_route=\/wp\/v2\/product\/4022","targetHints":{"allow":["GET"]}}],"collection":[{"href":"https:\/\/diosanut.com\/index.php?rest_route=\/wp\/v2\/product"}],"about":[{"href":"https:\/\/diosanut.com\/index.php?rest_route=\/wp\/v2\/types\/product"}],"replies":[{"embeddable":true,"href":"https:\/\/diosanut.com\/index.php?rest_route=%2Fwp%2Fv2%2Fcomments&post=4022"}],"wp:featuredmedia":[{"embeddable":true,"href":"https:\/\/diosanut.com\/index.php?rest_route=\/wp\/v2\/media\/4086"}],"wp:attachment":[{"href":"https:\/\/diosanut.com\/index.php?rest_route=%2Fwp%2Fv2%2Fmedia&parent=4022"}],"wp:term":[{"taxonomy":"product_cat","embeddable":true,"href":"https:\/\/diosanut.com\/index.php?rest_route=%2Fwp%2Fv2%2Fproduct_cat&post=4022"},{"taxonomy":"product_tag","embeddable":true,"href":"https:\/\/diosanut.com\/index.php?rest_route=%2Fwp%2Fv2%2Fproduct_tag&post=4022"}],"curies":[{"name":"wp","href":"https:\/\/api.w.org\/{rel}","templated":true}]}}