{"id":4095,"date":"2023-03-16T17:54:54","date_gmt":"2023-03-16T22:54:54","guid":{"rendered":"https:\/\/diosanut.com\/?post_type=product&#038;p=4095"},"modified":"2024-01-11T13:34:20","modified_gmt":"2024-01-11T18:34:20","slug":"aceite-de-cebolla","status":"publish","type":"product","link":"https:\/\/diosanut.com\/?product=aceite-de-cebolla","title":{"rendered":"ACEITE DE CEBOLLA"},"content":{"rendered":"<p>Es un potente antioxidante rico en quercetina y azufre y su principal beneficio en el cabello es hacerlo crecer de una manera f\u00e1cil y m\u00e1s r\u00e1pida.<\/p>\n","protected":false},"excerpt":{"rendered":"<h6>CONTENIDO: 30 ML<\/h6>\n<p>Es un potente antioxidante rico en quercetina y azufre y su principal beneficio en el cabello es hacerlo crecer de una manera f\u00e1cil y m\u00e1s r\u00e1pida.<\/p>\n","protected":false},"featured_media":4098,"comment_status":"open","ping_status":"closed","template":"","meta":{"_joinchat":[]},"product_cat":[45],"product_tag":[],"class_list":{"0":"post-4095","1":"product","2":"type-product","3":"status-publish","4":"has-post-thumbnail","6":"product_cat-lip-gloss","8":"first","9":"instock","10":"virtual","11":"purchasable","12":"product-type-simple"},"_links":{"self":[{"href":"https:\/\/diosanut.com\/index.php?rest_route=\/wp\/v2\/product\/4095","targetHints":{"allow":["GET"]}}],"collection":[{"href":"https:\/\/diosanut.com\/index.php?rest_route=\/wp\/v2\/product"}],"about":[{"href":"https:\/\/diosanut.com\/index.php?rest_route=\/wp\/v2\/types\/product"}],"replies":[{"embeddable":true,"href":"https:\/\/diosanut.com\/index.php?rest_route=%2Fwp%2Fv2%2Fcomments&post=4095"}],"wp:featuredmedia":[{"embeddable":true,"href":"https:\/\/diosanut.com\/index.php?rest_route=\/wp\/v2\/media\/4098"}],"wp:attachment":[{"href":"https:\/\/diosanut.com\/index.php?rest_route=%2Fwp%2Fv2%2Fmedia&parent=4095"}],"wp:term":[{"taxonomy":"product_cat","embeddable":true,"href":"https:\/\/diosanut.com\/index.php?rest_route=%2Fwp%2Fv2%2Fproduct_cat&post=4095"},{"taxonomy":"product_tag","embeddable":true,"href":"https:\/\/diosanut.com\/index.php?rest_route=%2Fwp%2Fv2%2Fproduct_tag&post=4095"}],"curies":[{"name":"wp","href":"https:\/\/api.w.org\/{rel}","templated":true}]}}