{"id":4100,"date":"2023-03-16T18:04:46","date_gmt":"2023-03-16T23:04:46","guid":{"rendered":"https:\/\/diosanut.com\/?post_type=product&#038;p=4100"},"modified":"2024-08-02T22:08:57","modified_gmt":"2024-08-03T03:08:57","slug":"aceite-corporal-personalizado","status":"publish","type":"product","link":"https:\/\/diosanut.com\/?product=aceite-corporal-personalizado","title":{"rendered":"ACEITE CORPORAL PERSONALIZADO"},"content":{"rendered":"<p>Personaliza tu propio aceite corporal seg\u00fan tu necesidad de las semillas de algunas plantas se extraen aceites vegetales que mejoran las pieles secas, adem\u00e1s brindan una excelente humectaci\u00f3n, nutrici\u00f3n, suavidad y elasticidad a la piel, este aceite ser\u00e1 tu mejor elecci\u00f3n a la hora de humectar y consentir tu piel con los mejores extractos vegetales<\/p>\n<p>\u00bfQu\u00e9 puedes usar en tu aceite?<\/p>\n<p>Recomendados. Kiwi, manzana, pi\u00f1a, pepita de uva, albarcoque, flor vainilla, lavanda, arg\u00e1n calabaza, lino germen de trigo rosa o t\u00e9 verde elige los que m\u00e1s te gusten. Esta mezcla es de 120 mls, se entrega con los certificados de cada aceite que elegiste<\/p>\n","protected":false},"excerpt":{"rendered":"<h6>CONTENIDO: 120 ML<\/h6>\n<p>Personaliza tu propio aceite corporal seg\u00fan tu necesidad de las semillas de algunas plantas se extraen aceites vegetales que mejoran las pieles secas, adem\u00e1s brindan una excelente humectaci\u00f3n, nutrici\u00f3n, suavidad y elasticidad a la piel, este aceite ser\u00e1 tu mejor elecci\u00f3n a la hora de humectar y consentir tu piel con los mejores extractos vegetales<\/p>\n<p>\u00bfQu\u00e9 puedes usar en tu aceite?<\/p>\n<p>Recomendados. Kiwi, manzana, pi\u00f1a, pepita de uva, albarcoque, flor vainilla, lavanda, arg\u00e1n calabaza, lino germen de trigo rosa o t\u00e9 verde elige los que m\u00e1s te gusten. Esta mezcla es de 120 mls, se entrega con los certificados de cada aceite que elegiste<\/p>\n","protected":false},"featured_media":4021,"comment_status":"open","ping_status":"closed","template":"","meta":{"_joinchat":[]},"product_cat":[46],"product_tag":[],"class_list":{"0":"post-4100","1":"product","2":"type-product","3":"status-publish","4":"has-post-thumbnail","6":"product_cat-lips","8":"first","9":"instock","10":"virtual","11":"purchasable","12":"product-type-simple"},"_links":{"self":[{"href":"https:\/\/diosanut.com\/index.php?rest_route=\/wp\/v2\/product\/4100","targetHints":{"allow":["GET"]}}],"collection":[{"href":"https:\/\/diosanut.com\/index.php?rest_route=\/wp\/v2\/product"}],"about":[{"href":"https:\/\/diosanut.com\/index.php?rest_route=\/wp\/v2\/types\/product"}],"replies":[{"embeddable":true,"href":"https:\/\/diosanut.com\/index.php?rest_route=%2Fwp%2Fv2%2Fcomments&post=4100"}],"wp:featuredmedia":[{"embeddable":true,"href":"https:\/\/diosanut.com\/index.php?rest_route=\/wp\/v2\/media\/4021"}],"wp:attachment":[{"href":"https:\/\/diosanut.com\/index.php?rest_route=%2Fwp%2Fv2%2Fmedia&parent=4100"}],"wp:term":[{"taxonomy":"product_cat","embeddable":true,"href":"https:\/\/diosanut.com\/index.php?rest_route=%2Fwp%2Fv2%2Fproduct_cat&post=4100"},{"taxonomy":"product_tag","embeddable":true,"href":"https:\/\/diosanut.com\/index.php?rest_route=%2Fwp%2Fv2%2Fproduct_tag&post=4100"}],"curies":[{"name":"wp","href":"https:\/\/api.w.org\/{rel}","templated":true}]}}