{"id":4105,"date":"2023-03-16T18:27:34","date_gmt":"2023-03-16T23:27:34","guid":{"rendered":"https:\/\/diosanut.com\/?post_type=product&#038;p=4105"},"modified":"2024-01-11T13:30:27","modified_gmt":"2024-01-11T18:30:27","slug":"datil","status":"publish","type":"product","link":"https:\/\/diosanut.com\/?product=datil","title":{"rendered":"DATIL"},"content":{"rendered":"<p>El aceite vegetal de D\u00e1tiles del Desierto es un aceite seco, es decir, que tras su aplicaci\u00f3n no deja una sensaci\u00f3n de piel grasa. Se puede aplicar perfectamente en pieles mixtas a grasas para protegerlas.<br \/>\nPara las pieles secas o castigadas, este aceite b\u00edo ultra-nutritivo tiene un potente poder emoliente y reparador. Devuelve elasticidad y confort a las pieles fr\u00e1giles, rugosas, revitalizadas, irritadas por factores externos como el sol, el viento o el fr\u00edo.<\/p>\n<p>Su acci\u00f3n antioxidante es perfecta para las pieles maduras, facilitando la regeneraci\u00f3n de los tejidos y previniendo el envejecimiento.<br \/>\n\u00a1En resumen, este aceite hace maravillas en la piel!<\/p>\n","protected":false},"excerpt":{"rendered":"<h6>CONTENIDO: 30 ML<\/h6>\n<p>El aceite vegetal de D\u00e1tiles del Desierto es un aceite seco, es decir, que tras su aplicaci\u00f3n no deja una sensaci\u00f3n de piel grasa. Se puede aplicar perfectamente en pieles mixtas a grasas para protegerlas.<br \/>\nPara las pieles secas o castigadas, este aceite b\u00edo ultra-nutritivo tiene un potente poder emoliente y reparador. Devuelve elasticidad y confort a las pieles fr\u00e1giles, rugosas, revitalizadas, irritadas por factores externos como el sol, el viento o el fr\u00edo.<\/p>\n<p>Su acci\u00f3n antioxidante es perfecta para las pieles maduras, facilitando la regeneraci\u00f3n de los tejidos y previniendo el envejecimiento.<br \/>\n\u00a1En resumen, este aceite hace maravillas en la piel!<\/p>\n","protected":false},"featured_media":4107,"comment_status":"open","ping_status":"closed","template":"","meta":{"_joinchat":[]},"product_cat":[50],"product_tag":[],"class_list":{"0":"post-4105","1":"product","2":"type-product","3":"status-publish","4":"has-post-thumbnail","6":"product_cat-moisturizing","8":"first","9":"instock","10":"virtual","11":"purchasable","12":"product-type-simple"},"_links":{"self":[{"href":"https:\/\/diosanut.com\/index.php?rest_route=\/wp\/v2\/product\/4105","targetHints":{"allow":["GET"]}}],"collection":[{"href":"https:\/\/diosanut.com\/index.php?rest_route=\/wp\/v2\/product"}],"about":[{"href":"https:\/\/diosanut.com\/index.php?rest_route=\/wp\/v2\/types\/product"}],"replies":[{"embeddable":true,"href":"https:\/\/diosanut.com\/index.php?rest_route=%2Fwp%2Fv2%2Fcomments&post=4105"}],"wp:featuredmedia":[{"embeddable":true,"href":"https:\/\/diosanut.com\/index.php?rest_route=\/wp\/v2\/media\/4107"}],"wp:attachment":[{"href":"https:\/\/diosanut.com\/index.php?rest_route=%2Fwp%2Fv2%2Fmedia&parent=4105"}],"wp:term":[{"taxonomy":"product_cat","embeddable":true,"href":"https:\/\/diosanut.com\/index.php?rest_route=%2Fwp%2Fv2%2Fproduct_cat&post=4105"},{"taxonomy":"product_tag","embeddable":true,"href":"https:\/\/diosanut.com\/index.php?rest_route=%2Fwp%2Fv2%2Fproduct_tag&post=4105"}],"curies":[{"name":"wp","href":"https:\/\/api.w.org\/{rel}","templated":true}]}}