{"id":4108,"date":"2023-03-16T18:34:44","date_gmt":"2023-03-16T23:34:44","guid":{"rendered":"https:\/\/diosanut.com\/?post_type=product&#038;p=4108"},"modified":"2024-01-11T13:30:15","modified_gmt":"2024-01-11T18:30:15","slug":"ambar","status":"publish","type":"product","link":"https:\/\/diosanut.com\/?product=ambar","title":{"rendered":"AMBAR"},"content":{"rendered":"<p>El aceite de \u00e1mbar tiene un efecto antiinflamatorio y antis\u00e9ptico. Tambi\u00e9n ayuda a curar da\u00f1os menores en la piel, como cortes, raspaduras, quemaduras y cicatrices de acn\u00e9.<\/p>\n<p>Adecuado para las pieles grasas y con problemas, as\u00ed como para el tratamiento de estr\u00edas y otras lesiones cut\u00e1neas en general. Dado que el aceite de \u00c1MBAR acelera la regeneraci\u00f3n de la PIEL Tambi\u00e9n restaurar la piel madura, aumentando su FIRMEZA y ELASTICIDAD, PROPORCIONANDO, un efecto anti envejecimiento.<\/p>\n","protected":false},"excerpt":{"rendered":"<h6>CONTENIDO: 30 ML<\/h6>\n<p>El aceite de \u00e1mbar tiene un efecto antiinflamatorio y antis\u00e9ptico. Tambi\u00e9n ayuda a curar da\u00f1os menores en la piel, como cortes, raspaduras, quemaduras y cicatrices de acn\u00e9.<\/p>\n<p>Adecuado para las pieles grasas y con problemas, as\u00ed como para el tratamiento de estr\u00edas y otras lesiones cut\u00e1neas en general. Dado que el aceite de \u00c1MBAR acelera la regeneraci\u00f3n de la PIEL Tambi\u00e9n restaurar la piel madura, aumentando su FIRMEZA y ELASTICIDAD, PROPORCIONANDO, un efecto anti envejecimiento.<\/p>\n","protected":false},"featured_media":4110,"comment_status":"open","ping_status":"closed","template":"","meta":{"_joinchat":[]},"product_cat":[50],"product_tag":[],"class_list":{"0":"post-4108","1":"product","2":"type-product","3":"status-publish","4":"has-post-thumbnail","6":"product_cat-moisturizing","8":"first","9":"instock","10":"virtual","11":"purchasable","12":"product-type-simple"},"_links":{"self":[{"href":"https:\/\/diosanut.com\/index.php?rest_route=\/wp\/v2\/product\/4108","targetHints":{"allow":["GET"]}}],"collection":[{"href":"https:\/\/diosanut.com\/index.php?rest_route=\/wp\/v2\/product"}],"about":[{"href":"https:\/\/diosanut.com\/index.php?rest_route=\/wp\/v2\/types\/product"}],"replies":[{"embeddable":true,"href":"https:\/\/diosanut.com\/index.php?rest_route=%2Fwp%2Fv2%2Fcomments&post=4108"}],"wp:featuredmedia":[{"embeddable":true,"href":"https:\/\/diosanut.com\/index.php?rest_route=\/wp\/v2\/media\/4110"}],"wp:attachment":[{"href":"https:\/\/diosanut.com\/index.php?rest_route=%2Fwp%2Fv2%2Fmedia&parent=4108"}],"wp:term":[{"taxonomy":"product_cat","embeddable":true,"href":"https:\/\/diosanut.com\/index.php?rest_route=%2Fwp%2Fv2%2Fproduct_cat&post=4108"},{"taxonomy":"product_tag","embeddable":true,"href":"https:\/\/diosanut.com\/index.php?rest_route=%2Fwp%2Fv2%2Fproduct_tag&post=4108"}],"curies":[{"name":"wp","href":"https:\/\/api.w.org\/{rel}","templated":true}]}}