{"id":4113,"date":"2023-03-16T18:43:25","date_gmt":"2023-03-16T23:43:25","guid":{"rendered":"https:\/\/diosanut.com\/?post_type=product&#038;p=4113"},"modified":"2024-01-11T13:30:20","modified_gmt":"2024-01-11T18:30:20","slug":"cafe-arabigo","status":"publish","type":"product","link":"https:\/\/diosanut.com\/?product=cafe-arabigo","title":{"rendered":"CAF\u00c9 AR\u00c1BIGO"},"content":{"rendered":"<p>ACEITE DE CAF\u00c9 AR\u00c1BIGO. : Aceite de semilla de caf\u00e9 ar\u00e1bica tostada, posee una notable capacidad para nutrir, hidratar y mejorar la elasticidad de la piel, mejora el tono de la piel y le da a tu piel un brillo saludable. Tambi\u00e9n equilibra el pH y despu\u00e9s de la aplicaci\u00f3n la piel generalmente se siente suave y lisa. MARAVILLOSO CONTORNO DE OJOS DESINFLAMA Y MEJORA SU APARIENCIA GRACIAS A SU ALTO CONTENIDO DE CAFE\u00cdNA<\/p>\n","protected":false},"excerpt":{"rendered":"<h6>CONTENIDO: 30 ML<\/h6>\n<p>ACEITE DE CAF\u00c9 AR\u00c1BIGO. : Aceite de semilla de caf\u00e9 ar\u00e1bica tostada, posee una notable capacidad para nutrir, hidratar y mejorar la elasticidad de la piel, mejora el tono de la piel y le da a tu piel un brillo saludable. Tambi\u00e9n equilibra el pH y despu\u00e9s de la aplicaci\u00f3n la piel generalmente se siente suave y lisa. MARAVILLOSO CONTORNO DE OJOS DESINFLAMA Y MEJORA SU APARIENCIA GRACIAS A SU ALTO CONTENIDO DE CAFE\u00cdNA<\/p>\n","protected":false},"featured_media":4115,"comment_status":"open","ping_status":"closed","template":"","meta":{"_joinchat":[]},"product_cat":[50],"product_tag":[],"class_list":{"0":"post-4113","1":"product","2":"type-product","3":"status-publish","4":"has-post-thumbnail","6":"product_cat-moisturizing","8":"first","9":"instock","10":"featured","11":"virtual","12":"purchasable","13":"product-type-simple"},"_links":{"self":[{"href":"https:\/\/diosanut.com\/index.php?rest_route=\/wp\/v2\/product\/4113","targetHints":{"allow":["GET"]}}],"collection":[{"href":"https:\/\/diosanut.com\/index.php?rest_route=\/wp\/v2\/product"}],"about":[{"href":"https:\/\/diosanut.com\/index.php?rest_route=\/wp\/v2\/types\/product"}],"replies":[{"embeddable":true,"href":"https:\/\/diosanut.com\/index.php?rest_route=%2Fwp%2Fv2%2Fcomments&post=4113"}],"wp:featuredmedia":[{"embeddable":true,"href":"https:\/\/diosanut.com\/index.php?rest_route=\/wp\/v2\/media\/4115"}],"wp:attachment":[{"href":"https:\/\/diosanut.com\/index.php?rest_route=%2Fwp%2Fv2%2Fmedia&parent=4113"}],"wp:term":[{"taxonomy":"product_cat","embeddable":true,"href":"https:\/\/diosanut.com\/index.php?rest_route=%2Fwp%2Fv2%2Fproduct_cat&post=4113"},{"taxonomy":"product_tag","embeddable":true,"href":"https:\/\/diosanut.com\/index.php?rest_route=%2Fwp%2Fv2%2Fproduct_tag&post=4113"}],"curies":[{"name":"wp","href":"https:\/\/api.w.org\/{rel}","templated":true}]}}