{"id":4127,"date":"2023-03-17T16:22:15","date_gmt":"2023-03-17T21:22:15","guid":{"rendered":"https:\/\/diosanut.com\/?post_type=product&#038;p=4127"},"modified":"2024-01-11T13:33:54","modified_gmt":"2024-01-11T18:33:54","slug":"semillas-de-pepino-copia","status":"publish","type":"product","link":"https:\/\/diosanut.com\/?product=semillas-de-pepino-copia","title":{"rendered":"MORINGA"},"content":{"rendered":"<p>Descubre nuestro aceite vegetal de semilla de pepino 100% puro y natural, obtenido mediante prensado en fr\u00edo de semillas de pepino. Rico en \u00e1cido linoleico y vitaminas B1, C y E, este aceite ligero hidrata y suaviza la piel alisando su superficie y mejorando su elasticidad.<\/p>\n<p>Nuestro aceite de pepino es un tratamiento tonificante para el contorno de ojos, refrescante y calmante, gracias a sus propiedades ricas en minerales. No deja pel\u00edcula grasa y es apta para todo tipo de pieles.<\/p>\n<p>Utilizado en el cuidado antienvejecimiento, el aceite de pepino combate la piel cansada, refresca e ilumina el cutis, cicatriza y cierra los poros y cura las u\u00f1as quebradizas. Est\u00e1 indicado para todo tipo de pieles, especialmente para pieles maduras, secas, grasas, mixtas y apagadas.<\/p>\n<p>&nbsp;<\/p>\n<p>Finalmente, nuestro aceite de pepino se obtiene sin ning\u00fan tratamiento qu\u00edmico, lo que garantiza su calidad superior.<\/p>\n<h6>Otras opciones: Semillas de Sandia y An\u00eds.<\/h6>\n","protected":false},"excerpt":{"rendered":"<h6>CONTENIDO: 30 ML<\/h6>\n<p>Hidrata y nutre la piel. Puede ayudar a retrasar el envejecimiento. Reducir la inflamaci\u00f3n de la piamadre. Es muy rico en amino\u00e1cidos esenciales. Promover la s\u00edntesis de col\u00e1geno natural. Filtra las impurezas y aporta un efecto rejuvenecedor. *Reduce la inflamaci\u00f3n. *Es muy nutritiva. *Fomenta la s\u00edntesis del col\u00e1geno natural. *Filtra las impurezas y aporta una acci\u00f3n rejuvenecedora. *Limpia y suaviza la piel.<\/p>\n<p>Limpia y suaviza todo el rostro. Es un gran desmaquillador. Puede ayudar a reducir el acn\u00e9 porque ayuda a eliminar los hongos de la piel. Tiene efectos hidratantes, nutritivos e hidratantes sobre la piel. Ayuda a cuidar la piel envejecida. Ayuda a producir col\u00e1geno en la piel. Puede ayudar a reducir las l\u00edneas finas y las arrugas.<\/p>\n<p>El aceite de moringa es un antioxidante natural y desintoxicante de la piel, muy nutritivo y de f\u00e1cil absorci\u00f3n, rico en vitamina E; hidrata, humecta y mantiene la elasticidad de la piel, cuidando una de las zonas m\u00e1s delicadas de nuestro rostro que es el contorno de los ojos.<\/p>\n<p>&nbsp;<\/p>\n<p>Nuestro aceite de moringa se obtiene sin ning\u00fan tratamiento qu\u00edmico, lo que garantiza su calidad superior.<\/p>\n","protected":false},"featured_media":4129,"comment_status":"open","ping_status":"closed","template":"","meta":{"_joinchat":[]},"product_cat":[81],"product_tag":[],"class_list":{"0":"post-4127","1":"product","2":"type-product","3":"status-publish","4":"has-post-thumbnail","6":"product_cat-contorno-de-ojos","8":"first","9":"instock","10":"virtual","11":"purchasable","12":"product-type-simple"},"_links":{"self":[{"href":"https:\/\/diosanut.com\/index.php?rest_route=\/wp\/v2\/product\/4127","targetHints":{"allow":["GET"]}}],"collection":[{"href":"https:\/\/diosanut.com\/index.php?rest_route=\/wp\/v2\/product"}],"about":[{"href":"https:\/\/diosanut.com\/index.php?rest_route=\/wp\/v2\/types\/product"}],"replies":[{"embeddable":true,"href":"https:\/\/diosanut.com\/index.php?rest_route=%2Fwp%2Fv2%2Fcomments&post=4127"}],"wp:featuredmedia":[{"embeddable":true,"href":"https:\/\/diosanut.com\/index.php?rest_route=\/wp\/v2\/media\/4129"}],"wp:attachment":[{"href":"https:\/\/diosanut.com\/index.php?rest_route=%2Fwp%2Fv2%2Fmedia&parent=4127"}],"wp:term":[{"taxonomy":"product_cat","embeddable":true,"href":"https:\/\/diosanut.com\/index.php?rest_route=%2Fwp%2Fv2%2Fproduct_cat&post=4127"},{"taxonomy":"product_tag","embeddable":true,"href":"https:\/\/diosanut.com\/index.php?rest_route=%2Fwp%2Fv2%2Fproduct_tag&post=4127"}],"curies":[{"name":"wp","href":"https:\/\/api.w.org\/{rel}","templated":true}]}}