{"id":4130,"date":"2023-03-17T16:33:11","date_gmt":"2023-03-17T21:33:11","guid":{"rendered":"https:\/\/diosanut.com\/?post_type=product&#038;p=4130"},"modified":"2024-01-11T13:33:42","modified_gmt":"2024-01-11T18:33:42","slug":"moringa-copia","status":"publish","type":"product","link":"https:\/\/diosanut.com\/?product=moringa-copia","title":{"rendered":"ALOE VERA"},"content":{"rendered":"<p>Suaviza progresivamente el tono de las ojeras, gracias a su alto contenido en vitaminas y minerales del aloe vera, adem\u00e1s de proporcionar una hidrataci\u00f3n profunda y un efecto calmante, ayuda a descongestionar la piel y mejorar la circulaci\u00f3n sangu\u00ednea. Con la aplicaci\u00f3n del aceite aloe vera lograr\u00e1s reducir el tono morado, gris\u00e1ceo o marr\u00f3n de tus ojeras y evitar que esta zona tan delicada vuelva a sufrir los estragos de la mala circulaci\u00f3n.<br \/>\nALISA Y SUAVIZA LAS MICRO ARRUGAS<\/p>\n<h6>Otras opciones: Semillas de Sandia y An\u00eds.<\/h6>\n","protected":false},"excerpt":{"rendered":"<h6>CONTENIDO: 30 ML<\/h6>\n<p>Suaviza progresivamente el tono de las ojeras, gracias a su alto contenido en vitaminas y minerales del aloe vera, adem\u00e1s de proporcionar una hidrataci\u00f3n profunda y un efecto calmante, ayuda a descongestionar la piel y mejorar la circulaci\u00f3n sangu\u00ednea. Con la aplicaci\u00f3n del aceite aloe vera lograr\u00e1s reducir el tono morado, gris\u00e1ceo o marr\u00f3n de tus ojeras y evitar que esta zona tan delicada vuelva a sufrir los estragos de la mala circulaci\u00f3n.<br \/>\nALISA Y SUAVIZA LAS MICRO ARRUGAS<\/p>\n","protected":false},"featured_media":4134,"comment_status":"open","ping_status":"closed","template":"","meta":{"_joinchat":[]},"product_cat":[81],"product_tag":[],"class_list":{"0":"post-4130","1":"product","2":"type-product","3":"status-publish","4":"has-post-thumbnail","6":"product_cat-contorno-de-ojos","8":"first","9":"instock","10":"virtual","11":"purchasable","12":"product-type-simple"},"_links":{"self":[{"href":"https:\/\/diosanut.com\/index.php?rest_route=\/wp\/v2\/product\/4130","targetHints":{"allow":["GET"]}}],"collection":[{"href":"https:\/\/diosanut.com\/index.php?rest_route=\/wp\/v2\/product"}],"about":[{"href":"https:\/\/diosanut.com\/index.php?rest_route=\/wp\/v2\/types\/product"}],"replies":[{"embeddable":true,"href":"https:\/\/diosanut.com\/index.php?rest_route=%2Fwp%2Fv2%2Fcomments&post=4130"}],"wp:featuredmedia":[{"embeddable":true,"href":"https:\/\/diosanut.com\/index.php?rest_route=\/wp\/v2\/media\/4134"}],"wp:attachment":[{"href":"https:\/\/diosanut.com\/index.php?rest_route=%2Fwp%2Fv2%2Fmedia&parent=4130"}],"wp:term":[{"taxonomy":"product_cat","embeddable":true,"href":"https:\/\/diosanut.com\/index.php?rest_route=%2Fwp%2Fv2%2Fproduct_cat&post=4130"},{"taxonomy":"product_tag","embeddable":true,"href":"https:\/\/diosanut.com\/index.php?rest_route=%2Fwp%2Fv2%2Fproduct_tag&post=4130"}],"curies":[{"name":"wp","href":"https:\/\/api.w.org\/{rel}","templated":true}]}}