{"id":46,"date":"2019-07-29T09:45:57","date_gmt":"2019-07-29T14:45:57","guid":{"rendered":"https:\/\/biagiotti.qodeinteractive.com\/?post_type=product&#038;p=46"},"modified":"2024-01-11T13:40:08","modified_gmt":"2024-01-11T18:40:08","slug":"beauty-toner","status":"publish","type":"product","link":"https:\/\/diosanut.com\/?product=beauty-toner","title":{"rendered":"Citrus lemon"},"content":{"rendered":"<h6>CONTENIDO: 30 ML<\/h6>\n<p>Aceites derivados de frutas c\u00edtricas controlan y suavizan el tono de las manchas, progresivamente aportan luminosidad y estimulan la producci\u00f3n de col\u00e1geno gracias a su alto contenido de vitamina c.<br \/>\nOtras opciones para control de manchas son: c\u00farcuma, pi\u00f1a, incienso y mel\u00f3n amargo.<\/p>\n<p>&nbsp;<\/p>\n<p>&nbsp;<\/p>\n<p>BENEFICIOS TERAP\u00c9UTICOS:<\/p>\n<p>&nbsp;<\/p>\n<p>Refuerza el sistema de defensas desintoxica. Favorece la estimulaci\u00f3n del sistema linf\u00e1tico, ayuda a eliminar toxinas y combate la retenci\u00f3n de l\u00edquidos.<\/p>\n","protected":false},"excerpt":{"rendered":"<h6>CONTENIDO: 30 ML<\/h6>\n<p>Aceites derivados de frutas c\u00edtricas controlan y suavizan el tono de las manchas, progresivamente aportan luminosidad y estimulan la producci\u00f3n de col\u00e1geno gracias a su alto contenido de vitamina c.<br \/>\nOtras opciones para control de manchas son: c\u00farcuma, pi\u00f1a, incienso y mel\u00f3n amargo.<\/p>\n<p>&nbsp;<\/p>\n<p>&nbsp;<\/p>\n<p>BENEFICIOS TERAP\u00c9UTICOS:<\/p>\n<p>&nbsp;<\/p>\n<p>Refuerza el sistema de defensas desintoxica. Favorece la estimulaci\u00f3n del sistema linf\u00e1tico, ayuda a eliminar toxinas y combate la retenci\u00f3n de l\u00edquidos.<\/p>\n","protected":false},"featured_media":3982,"comment_status":"open","ping_status":"closed","template":"","meta":{"_joinchat":[]},"product_cat":[79],"product_tag":[],"class_list":{"0":"post-46","1":"product","2":"type-product","3":"status-publish","4":"has-post-thumbnail","6":"product_cat-manchas-y-luminosidad","8":"first","9":"instock","10":"sale","11":"virtual","12":"purchasable","13":"product-type-simple"},"_links":{"self":[{"href":"https:\/\/diosanut.com\/index.php?rest_route=\/wp\/v2\/product\/46","targetHints":{"allow":["GET"]}}],"collection":[{"href":"https:\/\/diosanut.com\/index.php?rest_route=\/wp\/v2\/product"}],"about":[{"href":"https:\/\/diosanut.com\/index.php?rest_route=\/wp\/v2\/types\/product"}],"replies":[{"embeddable":true,"href":"https:\/\/diosanut.com\/index.php?rest_route=%2Fwp%2Fv2%2Fcomments&post=46"}],"wp:featuredmedia":[{"embeddable":true,"href":"https:\/\/diosanut.com\/index.php?rest_route=\/wp\/v2\/media\/3982"}],"wp:attachment":[{"href":"https:\/\/diosanut.com\/index.php?rest_route=%2Fwp%2Fv2%2Fmedia&parent=46"}],"wp:term":[{"taxonomy":"product_cat","embeddable":true,"href":"https:\/\/diosanut.com\/index.php?rest_route=%2Fwp%2Fv2%2Fproduct_cat&post=46"},{"taxonomy":"product_tag","embeddable":true,"href":"https:\/\/diosanut.com\/index.php?rest_route=%2Fwp%2Fv2%2Fproduct_tag&post=46"}],"curies":[{"name":"wp","href":"https:\/\/api.w.org\/{rel}","templated":true}]}}