{"id":52,"date":"2019-07-29T11:17:42","date_gmt":"2019-07-29T16:17:42","guid":{"rendered":"https:\/\/biagiotti.qodeinteractive.com\/?post_type=product&#038;p=52"},"modified":"2024-01-11T13:37:45","modified_gmt":"2024-01-11T18:37:45","slug":"gula-creme","status":"publish","type":"product","link":"https:\/\/diosanut.com\/?product=gula-creme","title":{"rendered":"Vitamina E"},"content":{"rendered":"<p>Encargados de brindar la m\u00e1xima nutrici\u00f3n, gracias a su alto contenido en \u00e1cidos grasos y vitaminas para una piel resplandeciente. Otras opciones son: s\u00e1ndalo, mirra, nuez de castilla, rosa mosqueta, lino, cebada, man\u00ed, yema de huevo, jojoba y arg\u00e1n.<\/p>\n","protected":false},"excerpt":{"rendered":"<h6>CONTENIDO: 30 ML<\/h6>\n<p>Encargados de brindar la m\u00e1xima nutrici\u00f3n, gracias a su alto contenido en \u00e1cidos grasos y vitaminas para una piel resplandeciente. Otras opciones son: s\u00e1ndalo, mirra, nuez de castilla, rosa mosqueta, lino, cebada, man\u00ed, yema de huevo, jojoba y arg\u00e1n.<\/p>\n","protected":false},"featured_media":4020,"comment_status":"open","ping_status":"closed","template":"","meta":{"_joinchat":[]},"product_cat":[36],"product_tag":[],"class_list":{"0":"post-52","1":"product","2":"type-product","3":"status-publish","4":"has-post-thumbnail","6":"product_cat-body-oil","8":"first","9":"instock","10":"virtual","11":"purchasable","12":"product-type-simple"},"_links":{"self":[{"href":"https:\/\/diosanut.com\/index.php?rest_route=\/wp\/v2\/product\/52","targetHints":{"allow":["GET"]}}],"collection":[{"href":"https:\/\/diosanut.com\/index.php?rest_route=\/wp\/v2\/product"}],"about":[{"href":"https:\/\/diosanut.com\/index.php?rest_route=\/wp\/v2\/types\/product"}],"replies":[{"embeddable":true,"href":"https:\/\/diosanut.com\/index.php?rest_route=%2Fwp%2Fv2%2Fcomments&post=52"}],"wp:featuredmedia":[{"embeddable":true,"href":"https:\/\/diosanut.com\/index.php?rest_route=\/wp\/v2\/media\/4020"}],"wp:attachment":[{"href":"https:\/\/diosanut.com\/index.php?rest_route=%2Fwp%2Fv2%2Fmedia&parent=52"}],"wp:term":[{"taxonomy":"product_cat","embeddable":true,"href":"https:\/\/diosanut.com\/index.php?rest_route=%2Fwp%2Fv2%2Fproduct_cat&post=52"},{"taxonomy":"product_tag","embeddable":true,"href":"https:\/\/diosanut.com\/index.php?rest_route=%2Fwp%2Fv2%2Fproduct_tag&post=52"}],"curies":[{"name":"wp","href":"https:\/\/api.w.org\/{rel}","templated":true}]}}