{"id":58,"date":"2019-07-29T11:22:56","date_gmt":"2019-07-29T16:22:56","guid":{"rendered":"https:\/\/biagiotti.qodeinteractive.com\/?post_type=product&#038;p=58"},"modified":"2024-01-11T13:37:21","modified_gmt":"2024-01-11T18:37:21","slug":"nude-lipstick","status":"publish","type":"product","link":"https:\/\/diosanut.com\/?product=nude-lipstick","title":{"rendered":"Granada"},"content":{"rendered":"<p>Encargados de mejorar la elasticidad, aportando los mejores agentes nutritivos para el cuidado y el mantenimiento diario de la piel. Otras opciones de aceites son: br\u00f3coli, rosa, avellana, repollo, jazm\u00edn, cilantro, t\u00e9 verde, aguacate, albaricoque, calabaza, pepino, an\u00eds, moringa, caf\u00e9, ar\u00e1bigo, zanahoria, uva.<\/p>\n","protected":false},"excerpt":{"rendered":"<h6>CONTENIDO: 30 ML<\/h6>\n<p>Encargados de mejorar la elasticidad, aportando los mejores agentes nutritivos para el cuidado y el mantenimiento diario de la piel. Otras opciones de aceites son: br\u00f3coli, rosa, avellana, repollo, jazm\u00edn, cilantro, t\u00e9 verde, aguacate, albaricoque, calabaza, pepino, an\u00eds, moringa, caf\u00e9, ar\u00e1bigo, zanahoria, uva.<\/p>\n","protected":false},"featured_media":4002,"comment_status":"open","ping_status":"closed","template":"","meta":{"_joinchat":[]},"product_cat":[36],"product_tag":[],"class_list":{"0":"post-58","1":"product","2":"type-product","3":"status-publish","4":"has-post-thumbnail","6":"product_cat-body-oil","8":"first","9":"instock","10":"virtual","11":"purchasable","12":"product-type-simple"},"_links":{"self":[{"href":"https:\/\/diosanut.com\/index.php?rest_route=\/wp\/v2\/product\/58","targetHints":{"allow":["GET"]}}],"collection":[{"href":"https:\/\/diosanut.com\/index.php?rest_route=\/wp\/v2\/product"}],"about":[{"href":"https:\/\/diosanut.com\/index.php?rest_route=\/wp\/v2\/types\/product"}],"replies":[{"embeddable":true,"href":"https:\/\/diosanut.com\/index.php?rest_route=%2Fwp%2Fv2%2Fcomments&post=58"}],"wp:featuredmedia":[{"embeddable":true,"href":"https:\/\/diosanut.com\/index.php?rest_route=\/wp\/v2\/media\/4002"}],"wp:attachment":[{"href":"https:\/\/diosanut.com\/index.php?rest_route=%2Fwp%2Fv2%2Fmedia&parent=58"}],"wp:term":[{"taxonomy":"product_cat","embeddable":true,"href":"https:\/\/diosanut.com\/index.php?rest_route=%2Fwp%2Fv2%2Fproduct_cat&post=58"},{"taxonomy":"product_tag","embeddable":true,"href":"https:\/\/diosanut.com\/index.php?rest_route=%2Fwp%2Fv2%2Fproduct_tag&post=58"}],"curies":[{"name":"wp","href":"https:\/\/api.w.org\/{rel}","templated":true}]}}