{"id":60,"date":"2019-07-29T13:21:41","date_gmt":"2019-07-29T18:21:41","guid":{"rendered":"https:\/\/biagiotti.qodeinteractive.com\/?post_type=product&#038;p=60"},"modified":"2024-01-11T13:36:54","modified_gmt":"2024-01-11T18:36:54","slug":"red-perfume","status":"publish","type":"product","link":"https:\/\/diosanut.com\/?product=red-perfume","title":{"rendered":"\u00c1rbol de t\u00e9"},"content":{"rendered":"<p>Encargado de brindar el mejor equilibrio, reduce la producci\u00f3n de sebo, controla el acn\u00e9 y la piel grasa mejorando la calidad de la piel. Otras opciones son: lavanda, romero, laurel, cardamomo, pimienta negra y azafr\u00e1n.<\/p>\n","protected":false},"excerpt":{"rendered":"<h6>CONTENIDO: 30 ML<\/h6>\n<p>Encargado de brindar el mejor equilibrio, reduce la producci\u00f3n de sebo, controla el acn\u00e9 y la piel grasa mejorando la calidad de la piel. Otras opciones son: lavanda, romero, laurel, cardamomo, pimienta negra y azafr\u00e1n.<\/p>\n","protected":false},"featured_media":4008,"comment_status":"open","ping_status":"closed","template":"","meta":{"_joinchat":[]},"product_cat":[42],"product_tag":[],"class_list":{"0":"post-60","1":"product","2":"type-product","3":"status-publish","4":"has-post-thumbnail","6":"product_cat-face-masks","8":"first","9":"instock","10":"virtual","11":"purchasable","12":"product-type-simple"},"_links":{"self":[{"href":"https:\/\/diosanut.com\/index.php?rest_route=\/wp\/v2\/product\/60","targetHints":{"allow":["GET"]}}],"collection":[{"href":"https:\/\/diosanut.com\/index.php?rest_route=\/wp\/v2\/product"}],"about":[{"href":"https:\/\/diosanut.com\/index.php?rest_route=\/wp\/v2\/types\/product"}],"replies":[{"embeddable":true,"href":"https:\/\/diosanut.com\/index.php?rest_route=%2Fwp%2Fv2%2Fcomments&post=60"}],"wp:featuredmedia":[{"embeddable":true,"href":"https:\/\/diosanut.com\/index.php?rest_route=\/wp\/v2\/media\/4008"}],"wp:attachment":[{"href":"https:\/\/diosanut.com\/index.php?rest_route=%2Fwp%2Fv2%2Fmedia&parent=60"}],"wp:term":[{"taxonomy":"product_cat","embeddable":true,"href":"https:\/\/diosanut.com\/index.php?rest_route=%2Fwp%2Fv2%2Fproduct_cat&post=60"},{"taxonomy":"product_tag","embeddable":true,"href":"https:\/\/diosanut.com\/index.php?rest_route=%2Fwp%2Fv2%2Fproduct_tag&post=60"}],"curies":[{"name":"wp","href":"https:\/\/api.w.org\/{rel}","templated":true}]}}